

{"id":3599,"date":"2017-07-13T00:49:16","date_gmt":"2017-07-12T23:49:16","guid":{"rendered":"https:\/\/www.viadanse.com\/?page_id=3599"},"modified":"2017-07-13T00:55:28","modified_gmt":"2017-07-12T23:55:28","slug":"museum","status":"publish","type":"page","link":"https:\/\/www.viadanse.com\/en\/museum\/","title":{"rendered":"Museum"},"content":{"rendered":"<div class=\"wpb-content-wrapper\"><p>[vc_row][vc_column width=&#8221;1\/2&#8243;][vc_column_text]<\/p>\n<h1><span style=\"text-decoration: underline;\"><em><strong>Between 3<\/strong><\/em><\/span><\/h1>\n<p>An imaginary dialogue between dance and the works in the exhibition <em>\u00c0 corps majeur<\/em>, accompanied by the musicians of the ESM Bourgogne Franche-Comt\u00e9, at the Museum of the Ch\u00e2teau of the Dukes of Wurtemberg in Montb\u00e9liard[\/vc_column_text][tiret_separation][vc_column_text]<strong>November 30, 2017 &#8211; 2 pm \/ 7 pm \/ 8 pm<br \/>\nMuseum of the Ch\u00e2teau of the Dukes of Wurtemberg in Montb\u00e9liard<\/strong>[\/vc_column_text][\/vc_column][vc_column width=&#8221;1\/2&#8243;][minti_image img=&#8221;3269&#8243; align=&#8221;left&#8221; animation=&#8221;none&#8221; lightbox=&#8221;&#8221;][\/vc_column][\/vc_row]<\/p>\n<\/div>","protected":false},"excerpt":{"rendered":"[vc_row][vc_column width=&#8221;1\/2&#8243;][vc_column_text] Between 3 An imaginary dialogue between dance and the works in the exhibition \u00c0 corps [&hellip;]","protected":false},"author":1,"featured_media":0,"parent":0,"menu_order":0,"comment_status":"open","ping_status":"open","template":"","meta":{"_acf_changed":false,"footnotes":""},"categorie-page":[],"class_list":["post-3599","page","type-page","status-publish","hentry"],"acf":[],"_links":{"self":[{"href":"https:\/\/www.viadanse.com\/en\/wp-json\/wp\/v2\/pages\/3599","targetHints":{"allow":["GET"]}}],"collection":[{"href":"https:\/\/www.viadanse.com\/en\/wp-json\/wp\/v2\/pages"}],"about":[{"href":"https:\/\/www.viadanse.com\/en\/wp-json\/wp\/v2\/types\/page"}],"author":[{"embeddable":true,"href":"https:\/\/www.viadanse.com\/en\/wp-json\/wp\/v2\/users\/1"}],"replies":[{"embeddable":true,"href":"https:\/\/www.viadanse.com\/en\/wp-json\/wp\/v2\/comments?post=3599"}],"version-history":[{"count":3,"href":"https:\/\/www.viadanse.com\/en\/wp-json\/wp\/v2\/pages\/3599\/revisions"}],"predecessor-version":[{"id":3609,"href":"https:\/\/www.viadanse.com\/en\/wp-json\/wp\/v2\/pages\/3599\/revisions\/3609"}],"wp:attachment":[{"href":"https:\/\/www.viadanse.com\/en\/wp-json\/wp\/v2\/media?parent=3599"}],"wp:term":[{"taxonomy":"categorie-page","embeddable":true,"href":"https:\/\/www.viadanse.com\/en\/wp-json\/wp\/v2\/categorie-page?post=3599"}],"curies":[{"name":"wp","href":"https:\/\/api.w.org\/{rel}","templated":true}]}}