

{"id":3564,"date":"2017-07-13T00:20:19","date_gmt":"2017-07-12T23:20:19","guid":{"rendered":"https:\/\/www.viadanse.com\/?page_id=3564"},"modified":"2017-07-13T00:24:08","modified_gmt":"2017-07-12T23:24:08","slug":"espace-gantner","status":"publish","type":"page","link":"https:\/\/www.viadanse.com\/en\/espace-gantner\/","title":{"rendered":"Espace Gantner"},"content":{"rendered":"<div class=\"wpb-content-wrapper\"><p>[vc_row][vc_column width=&#8221;1\/1&#8243;][vc_column_text]<\/p>\n<h1><span style=\"text-decoration: underline;\"><em>ESPACE MULTIMEDIA GANTNER<\/em><\/span><\/h1>\n<p><em>A staged reading based on the texts of Hans ARP.<\/em><\/p>\n<p>As part of FRIMATS and in a direct link to OSCYL, join us at the VIABAR for a staged reading of Jours effeuill\u00e9s by Hans ARP by Fabien V\u00e9lasquez, media librarian at the Espace multim\u00e9dia Gantner (poem, essays, memories; 1920-1965, Hans ARP)[\/vc_column_text][\/vc_column][\/vc_row]<\/p>\n<\/div>","protected":false},"excerpt":{"rendered":"[vc_row][vc_column width=&#8221;1\/1&#8243;][vc_column_text] ESPACE MULTIMEDIA GANTNER A staged reading based on the texts of Hans ARP. As part [&hellip;]","protected":false},"author":1,"featured_media":0,"parent":0,"menu_order":0,"comment_status":"open","ping_status":"open","template":"","meta":{"_acf_changed":false,"footnotes":""},"categorie-page":[],"class_list":["post-3564","page","type-page","status-publish","hentry"],"acf":[],"_links":{"self":[{"href":"https:\/\/www.viadanse.com\/en\/wp-json\/wp\/v2\/pages\/3564","targetHints":{"allow":["GET"]}}],"collection":[{"href":"https:\/\/www.viadanse.com\/en\/wp-json\/wp\/v2\/pages"}],"about":[{"href":"https:\/\/www.viadanse.com\/en\/wp-json\/wp\/v2\/types\/page"}],"author":[{"embeddable":true,"href":"https:\/\/www.viadanse.com\/en\/wp-json\/wp\/v2\/users\/1"}],"replies":[{"embeddable":true,"href":"https:\/\/www.viadanse.com\/en\/wp-json\/wp\/v2\/comments?post=3564"}],"version-history":[{"count":2,"href":"https:\/\/www.viadanse.com\/en\/wp-json\/wp\/v2\/pages\/3564\/revisions"}],"predecessor-version":[{"id":3570,"href":"https:\/\/www.viadanse.com\/en\/wp-json\/wp\/v2\/pages\/3564\/revisions\/3570"}],"wp:attachment":[{"href":"https:\/\/www.viadanse.com\/en\/wp-json\/wp\/v2\/media?parent=3564"}],"wp:term":[{"taxonomy":"categorie-page","embeddable":true,"href":"https:\/\/www.viadanse.com\/en\/wp-json\/wp\/v2\/categorie-page?post=3564"}],"curies":[{"name":"wp","href":"https:\/\/api.w.org\/{rel}","templated":true}]}}