

{"id":3559,"date":"2017-07-13T00:04:26","date_gmt":"2017-07-12T23:04:26","guid":{"rendered":"https:\/\/www.viadanse.com\/?page_id=3559"},"modified":"2017-07-13T00:04:26","modified_gmt":"2017-07-12T23:04:26","slug":"l-est","status":"publish","type":"page","link":"https:\/\/www.viadanse.com\/en\/l-est\/","title":{"rendered":"L-EST"},"content":{"rendered":"<div class=\"wpb-content-wrapper\"><p>[vc_row][vc_column width=&#8221;1\/1&#8243;][vc_column_text]<strong>L-EST, A EUROPEAN POLE FOR CREATION<\/strong><\/p>\n<p>L-EST, set in the Bourgogne Franche-Comt\u00e9 region, is an initiative launched by three cultural structures, the Aire Urbaine Belfort-Montb\u00e9liard \u2013 VIADANSE \u2013 Centre chor\u00e9graphique national de Bourgogne Franche-Comt\u00e9 in Belfort, MA sc\u00e8ne nationale \u2013 Pays de Montb\u00e9liard and Le Granit sc\u00e8ne nationale de Belfort \u2013 uniting their strengths in its service. Focusing on creating an open, innovative project dedicated to contemporary scenic activities, they are creating a European Pole of Creation for live and transmedia performing arts: a transdisciplinary space for confrontation, experimentation, scouting and clearing out on a European scale, working with artistic staffs, professionals, researchers, players in the fields of creation and research \u2026 With L-EST, the three structures intend to \u2013 together \u2013 support French and invited artists, offering audiences the opportunity to discover new artistic shores and to experience new things in this moment, taking into account social and artistic transformations, notably those linked to digital practices. Transmedia offers us an entirely new playing field: artists, institutions and audiences, establishing a new relationship to various creative sectors and audiences, replacing the way we tell each other stories.[\/vc_column_text][\/vc_column][\/vc_row]<\/p>\n<\/div>","protected":false},"excerpt":{"rendered":"[vc_row][vc_column width=&#8221;1\/1&#8243;][vc_column_text]L-EST, A EUROPEAN POLE FOR CREATION L-EST, set in the Bourgogne Franche-Comt\u00e9 region, is an initiative [&hellip;]","protected":false},"author":1,"featured_media":0,"parent":0,"menu_order":0,"comment_status":"open","ping_status":"open","template":"","meta":{"_acf_changed":false,"footnotes":""},"categorie-page":[],"class_list":["post-3559","page","type-page","status-publish","hentry"],"acf":[],"_links":{"self":[{"href":"https:\/\/www.viadanse.com\/en\/wp-json\/wp\/v2\/pages\/3559","targetHints":{"allow":["GET"]}}],"collection":[{"href":"https:\/\/www.viadanse.com\/en\/wp-json\/wp\/v2\/pages"}],"about":[{"href":"https:\/\/www.viadanse.com\/en\/wp-json\/wp\/v2\/types\/page"}],"author":[{"embeddable":true,"href":"https:\/\/www.viadanse.com\/en\/wp-json\/wp\/v2\/users\/1"}],"replies":[{"embeddable":true,"href":"https:\/\/www.viadanse.com\/en\/wp-json\/wp\/v2\/comments?post=3559"}],"version-history":[{"count":1,"href":"https:\/\/www.viadanse.com\/en\/wp-json\/wp\/v2\/pages\/3559\/revisions"}],"predecessor-version":[{"id":3560,"href":"https:\/\/www.viadanse.com\/en\/wp-json\/wp\/v2\/pages\/3559\/revisions\/3560"}],"wp:attachment":[{"href":"https:\/\/www.viadanse.com\/en\/wp-json\/wp\/v2\/media?parent=3559"}],"wp:term":[{"taxonomy":"categorie-page","embeddable":true,"href":"https:\/\/www.viadanse.com\/en\/wp-json\/wp\/v2\/categorie-page?post=3559"}],"curies":[{"name":"wp","href":"https:\/\/api.w.org\/{rel}","templated":true}]}}