

{"id":1259,"date":"2015-11-28T16:22:47","date_gmt":"2015-11-28T15:22:47","guid":{"rendered":"https:\/\/www.viadanse.com\/?page_id=1259"},"modified":"2017-07-13T00:29:18","modified_gmt":"2017-07-12T23:29:18","slug":"viarezo","status":"publish","type":"page","link":"https:\/\/www.viadanse.com\/en\/viarezo\/","title":{"rendered":"VIAR\u00c9ZO, plateform"},"content":{"rendered":"<div class=\"wpb-content-wrapper\"><p>[vc_row][vc_column width=&#8221;1\/1&#8243;][vc_column_text]<strong>A network which links partner theatres, artists and audiences<\/strong><br \/>\nYou will be able to see certain finished pieces, programmed as part of the production\/ touring network we are setting up, including: Le Granit, Sc\u00e8ne nationale in Belfort, Les 2 sc\u00e8nes, Sc\u00e8ne nationale in Besan\u00e7on, Les Sc\u00e8nes du Jura, Sc\u00e8ne nationale in Dole, La Filature, Sc\u00e8ne nationale in Mulhouse, the CDC de Dijon, the Espace des Arts in Chalon-sur-Sa\u00f4ne, P\u00f4le Sud \u2013 CDC de Strasbourg, the CCN \u2013 Ballet de Lorraine, the CCN \u2013 Op\u00e9ra national du Rhin, Les Eurock\u00e9ennes \u2013 Territoire de musiques and others TBA \u2026<\/p>\n<p>VIADANSE intends to activate a regional touring network to prioritize the circulation of artists and arts staffs, creating synergies with the choice of chosen projects, programmed seasonally. These artists are hosted in residencies by VIADANSE via the Accueil\/ studio program and other residencies.<\/p>\n<p>Ready to offer solutions and attentive to the needs of their partners, H\u00e9la Fattoumi and \u00c9ric Lamoureux also guarantee a certain aesthetic diversity.[\/vc_column_text][\/vc_column][\/vc_row]<\/p>\n<\/div>","protected":false},"excerpt":{"rendered":"[vc_row][vc_column width=&#8221;1\/1&#8243;][vc_column_text]A network which links partner theatres, artists and audiences You will be able to see certain [&hellip;]","protected":false},"author":1,"featured_media":904,"parent":0,"menu_order":0,"comment_status":"open","ping_status":"open","template":"","meta":{"_acf_changed":false,"footnotes":""},"categorie-page":[],"class_list":["post-1259","page","type-page","status-publish","has-post-thumbnail","hentry"],"acf":[],"_links":{"self":[{"href":"https:\/\/www.viadanse.com\/en\/wp-json\/wp\/v2\/pages\/1259","targetHints":{"allow":["GET"]}}],"collection":[{"href":"https:\/\/www.viadanse.com\/en\/wp-json\/wp\/v2\/pages"}],"about":[{"href":"https:\/\/www.viadanse.com\/en\/wp-json\/wp\/v2\/types\/page"}],"author":[{"embeddable":true,"href":"https:\/\/www.viadanse.com\/en\/wp-json\/wp\/v2\/users\/1"}],"replies":[{"embeddable":true,"href":"https:\/\/www.viadanse.com\/en\/wp-json\/wp\/v2\/comments?post=1259"}],"version-history":[{"count":4,"href":"https:\/\/www.viadanse.com\/en\/wp-json\/wp\/v2\/pages\/1259\/revisions"}],"predecessor-version":[{"id":3576,"href":"https:\/\/www.viadanse.com\/en\/wp-json\/wp\/v2\/pages\/1259\/revisions\/3576"}],"wp:featuredmedia":[{"embeddable":true,"href":"https:\/\/www.viadanse.com\/en\/wp-json\/wp\/v2\/media\/904"}],"wp:attachment":[{"href":"https:\/\/www.viadanse.com\/en\/wp-json\/wp\/v2\/media?parent=1259"}],"wp:term":[{"taxonomy":"categorie-page","embeddable":true,"href":"https:\/\/www.viadanse.com\/en\/wp-json\/wp\/v2\/categorie-page?post=1259"}],"curies":[{"name":"wp","href":"https:\/\/api.w.org\/{rel}","templated":true}]}}