

{"id":1251,"date":"2015-11-28T15:59:26","date_gmt":"2015-11-28T14:59:26","guid":{"rendered":"https:\/\/www.viadanse.com\/?page_id=1251"},"modified":"2015-11-28T16:01:48","modified_gmt":"2015-11-28T15:01:48","slug":"links","status":"publish","type":"page","link":"https:\/\/www.viadanse.com\/en\/links\/","title":{"rendered":"Links"},"content":{"rendered":"<div class=\"wpb-content-wrapper\"><p>[vc_row][vc_column width=&#8221;1\/2&#8243;][vc_column_text]<strong>CULTURAL PARTNERS<br \/>\n<\/strong>[\/vc_column_text][tiret_separation][vc_column_text]<\/p>\n<ul>\n<li><a href=\"http:\/\/www.legranit.org\/\" target=\"_blank\" rel=\"noopener\">Le Granit, Sc\u00e8ne nationale de Belfort<\/a><\/li>\n<li><a href=\"http:\/\/www.scenenationaledebesancon.fr\/spectacles\" target=\"_blank\" rel=\"noopener\">Les 2 Sc\u00e8nes, Sc\u00e8ne nationale de Besan\u00e7on<\/a><\/li>\n<li><a href=\"http:\/\/www.scenesdujura.com\/\" target=\"_blank\" rel=\"noopener\">Les Sc\u00e8nes du Jura, Sc\u00e8ne nationale<\/a><\/li>\n<li><a href=\"http:\/\/www.lafilature.org\/\" target=\"_blank\" rel=\"noopener\">La Filature, Sc\u00e8ne nationale de Mulhouse<\/a><\/li>\n<li><a href=\"http:\/\/art-danse.org\/\" target=\"_blank\" rel=\"noopener\">Art Danse &#8211; CDC Dijon Bourgogne<\/a><\/li>\n<li><a href=\"http:\/\/www.espace-des-arts.com\/\" target=\"_blank\" rel=\"noopener\">Espace des Arts, Sc\u00e8ne nationale Chalons-sur-Sa\u00f4ne<\/a><\/li>\n<li><a href=\"http:\/\/www.pole-sud.fr\/\" target=\"_blank\" rel=\"noopener\">P\u00f4le Sud &#8211; CDC en pr\u00e9figuration \/ Strasbourg<\/a><\/li>\n<li><a href=\"www.evidanse.ch\" target=\"_blank\">\u00c9VIDANSE<br \/>\n<\/a><\/li>\n<li><a href=\"www.cultureporrentruy.ch\" target=\"_blank\">Centre Culturel du District de Porrentruy (CCDP)<\/a><\/li>\n<li><a href=\"www.ccrd.ch\" target=\"_blank\">Centre Culturel R\u00e9gional de Del\u00e9mont (CCRD)<\/a><\/li>\n<li><a href=\"www.ccpmoutier.ch\" target=\"_blank\">Centre Culturel de la Pr\u00e9v\u00f4t\u00e9 (CCP), Moutier<\/a><\/li>\n<li><a href=\"www.leroyal.ch\" target=\"_blank\">Le Royal, Tavannes<\/a><\/li>\n<li><a href=\"www.cafe-du-soleil.ch\" target=\"_blank\">Caf\u00e9 du Soleil\/Espace culturel, Saignel\u00e9gier<\/a><\/li>\n<li><a href=\"www.ccl-sti.ch\" target=\"_blank\">Centre de Culture et de Loisirs (CCL), Saint-Imier<\/a><\/li>\n<li><a href=\"www.spectaclesfrancais.ch\" target=\"_blank\">Les Spectacles fran\u00e7ais, Bienne<\/a><\/li>\n<li><a href=\"www.danse-ajdc.ch\" target=\"_blank\">Danse! Association Jurassienne pour la Danse Contemporaine (AJDC) \/ Dominique Martinoli, Bienne<\/a><\/li>\n<\/ul>\n<p>[\/vc_column_text][\/vc_column][vc_column width=&#8221;1\/2&#8243;][vc_column_text]<strong>FOLLOW US<br \/>\n<\/strong>[\/vc_column_text][tiret_separation][vc_column_text]<\/p>\n<ul>\n<li><a href=\"http:\/\/www.ville-belfort.fr\/fr_belfortmag_le_magazine_municipal.html\" target=\"_blank\" rel=\"noopener\">Belfort magazine<\/a> et l&#8217;<a href=\"http:\/\/www.ville-belfort.fr\/fr_agenda.html\" target=\"_blank\" rel=\"noopener\">agenda<\/a>, Ville de Belfort<\/li>\n<li><a href=\"http:\/\/www.territoiredebelfort.fr\/concours\" target=\"_blank\" rel=\"noopener\">Vivre le Territoire<\/a> et l&#8217;<a href=\"http:\/\/www.territoiredebelfort.fr\/agenda\" target=\"_blank\" rel=\"noopener\">agenda<\/a>, D\u00e9partement du Territoire de Belfort<\/li>\n<li><a href=\"http:\/\/www.estrepublicain.fr\/\" target=\"_blank\" rel=\"noopener\">L\u2019Est R\u00e9publicain<\/a> et l&#8217;<a href=\"http:\/\/www.estrepublicain.fr\/pour-sortir\" target=\"_blank\" rel=\"noopener\">agenda Sortir<\/a><\/li>\n<li><a href=\"http:\/\/www.diversions-magazine.com\/\" target=\"_blank\" rel=\"noopener\">Magazine Diversion, l&#8217;info multim\u00e9dia en Alsace, Bourgogne et Franche-Comt\u00e9<\/a><\/li>\n<li><a href=\"http:\/\/www.francebleu.fr\/station\/france-bleu-belfort-montbeliard\" target=\"_blank\" rel=\"noopener\">France Bleu Belfort Montb\u00e9liard<\/a><\/li>\n<li><a href=\"http:\/\/www.belfort-tourisme.com\/\" target=\"_blank\" rel=\"noopener\">Belfort Tourisme<\/a><\/li>\n<li><a href=\"http:\/\/www.franche-comte.fr\/no.html\" target=\"_blank\" rel=\"noopener\">Franche-Comt\u00e9, Le Mag,<\/a> Conseil R\u00e9gional de Franche-Comt\u00e9<\/li>\n<\/ul>\n<p>[\/vc_column_text][\/vc_column][\/vc_row]<\/p>\n<\/div>","protected":false},"excerpt":{"rendered":"[vc_row][vc_column width=&#8221;1\/2&#8243;][vc_column_text]CULTURAL PARTNERS [\/vc_column_text][tiret_separation][vc_column_text] Le Granit, Sc\u00e8ne nationale de Belfort Les 2 Sc\u00e8nes, Sc\u00e8ne nationale de Besan\u00e7on [&hellip;]","protected":false},"author":1,"featured_media":0,"parent":0,"menu_order":0,"comment_status":"open","ping_status":"open","template":"","meta":{"_acf_changed":false,"footnotes":""},"categorie-page":[],"class_list":["post-1251","page","type-page","status-publish","hentry"],"acf":[],"_links":{"self":[{"href":"https:\/\/www.viadanse.com\/en\/wp-json\/wp\/v2\/pages\/1251","targetHints":{"allow":["GET"]}}],"collection":[{"href":"https:\/\/www.viadanse.com\/en\/wp-json\/wp\/v2\/pages"}],"about":[{"href":"https:\/\/www.viadanse.com\/en\/wp-json\/wp\/v2\/types\/page"}],"author":[{"embeddable":true,"href":"https:\/\/www.viadanse.com\/en\/wp-json\/wp\/v2\/users\/1"}],"replies":[{"embeddable":true,"href":"https:\/\/www.viadanse.com\/en\/wp-json\/wp\/v2\/comments?post=1251"}],"version-history":[{"count":3,"href":"https:\/\/www.viadanse.com\/en\/wp-json\/wp\/v2\/pages\/1251\/revisions"}],"predecessor-version":[{"id":1254,"href":"https:\/\/www.viadanse.com\/en\/wp-json\/wp\/v2\/pages\/1251\/revisions\/1254"}],"wp:attachment":[{"href":"https:\/\/www.viadanse.com\/en\/wp-json\/wp\/v2\/media?parent=1251"}],"wp:term":[{"taxonomy":"categorie-page","embeddable":true,"href":"https:\/\/www.viadanse.com\/en\/wp-json\/wp\/v2\/categorie-page?post=1251"}],"curies":[{"name":"wp","href":"https:\/\/api.w.org\/{rel}","templated":true}]}}