

{"id":1217,"date":"2015-11-28T15:02:26","date_gmt":"2015-11-28T14:02:26","guid":{"rendered":"https:\/\/www.viadanse.com\/?page_id=1217"},"modified":"2015-11-28T15:02:31","modified_gmt":"2015-11-28T14:02:31","slug":"footer","status":"publish","type":"page","link":"https:\/\/www.viadanse.com\/en\/footer\/","title":{"rendered":"Footer"},"content":{"rendered":"<p><strong>Headquarters<\/strong><br \/>\n3 avenue de l\u2019Esp\u00e9rance &#8211; F-90000 Belfort Tel + 33 (0)3 84 58 44 88 &#8211; E-mail :\u00a0<a href=\"mailto:contact@viadanse.com\">contact@viadanse.com<\/a><br \/>\nProduction licenses n\u00b0 1 &#8211; 1045602 \u2013 n\u00b0 2 &#8211; 1045603 \u2013 n\u00b0 3 &#8211; 1045604<\/p>\n<p><strong>Hosting of web site by<\/strong> OVH \/ <strong>Conception, execution by<\/strong> <a href=\"http:\/\/www.bientotlapeniche.com\/\" target=\"_blank\" rel=\"noopener\">Bient\u00f4t la p\u00e9niche<\/a>.<\/p>\n<p>In accordance with Law #78-17 of January 6, 1978, regarding computer information and freedom, we are notifying you that you have the right to access, examine, dispute and edit any information about you.<\/p>\n<p><strong>Photos credits<\/strong><br \/>\n<em>Waves<\/em>, pi\u00e8ce de H\u00e9la Fattoumi &amp; \u00c9ric Lamoureux \u00a9Laurent Philippe \u2022 Portraits H\u00e9la Fattoumi &amp; \u00c9ric Lamoureux \u00a9CCNCBN \u2022 <em>Yuj<\/em>, pi\u00e8ce de Clara Cornil \u00a9Alain Julien \u2022 <em>Tentatives d&#8217;\u00e9puisements (2) : Eplucher le corps<\/em>, pi\u00e8ce de Aur\u00e9lie Gandit \u00a9Tom Guedenet \u2022 Portrait Beno\u00eet Lachambre et Fabrice Ramalingom \u00a9Frank Boulanger \u2022 <em>Stravinsky Motel<\/em>, pi\u00e8ce de Etienne Cuppens et Sarah Cr\u00e9pin \u00a9La BaZooKa \u2022 <em>L&#8217;aveuglement<\/em>, pi\u00e8ce de Myl\u00e8ne Benoit \u00a9DR \u2022 Portrait Herman Diephuis \u00a9S\u00e9gol\u00e8ne Perrot \u2022 <em>Dyptique<\/em>, pi\u00e8ce de Caroline Grosjean \u00a9DR \u2022 <em>Attitudes<\/em>, pi\u00e8ce de Lina Schlageter et Zo\u00e9 Philibert \u00a9DR<\/p>\n","protected":false},"excerpt":{"rendered":"Headquarters 3 avenue de l\u2019Esp\u00e9rance &#8211; F-90000 Belfort Tel + 33 (0)3 84 58 44 88 &#8211; [&hellip;]","protected":false},"author":1,"featured_media":0,"parent":0,"menu_order":0,"comment_status":"open","ping_status":"open","template":"","meta":{"_acf_changed":false,"footnotes":""},"categorie-page":[],"class_list":["post-1217","page","type-page","status-publish","hentry"],"acf":[],"_links":{"self":[{"href":"https:\/\/www.viadanse.com\/en\/wp-json\/wp\/v2\/pages\/1217","targetHints":{"allow":["GET"]}}],"collection":[{"href":"https:\/\/www.viadanse.com\/en\/wp-json\/wp\/v2\/pages"}],"about":[{"href":"https:\/\/www.viadanse.com\/en\/wp-json\/wp\/v2\/types\/page"}],"author":[{"embeddable":true,"href":"https:\/\/www.viadanse.com\/en\/wp-json\/wp\/v2\/users\/1"}],"replies":[{"embeddable":true,"href":"https:\/\/www.viadanse.com\/en\/wp-json\/wp\/v2\/comments?post=1217"}],"version-history":[{"count":1,"href":"https:\/\/www.viadanse.com\/en\/wp-json\/wp\/v2\/pages\/1217\/revisions"}],"predecessor-version":[{"id":1218,"href":"https:\/\/www.viadanse.com\/en\/wp-json\/wp\/v2\/pages\/1217\/revisions\/1218"}],"wp:attachment":[{"href":"https:\/\/www.viadanse.com\/en\/wp-json\/wp\/v2\/media?parent=1217"}],"wp:term":[{"taxonomy":"categorie-page","embeddable":true,"href":"https:\/\/www.viadanse.com\/en\/wp-json\/wp\/v2\/categorie-page?post=1217"}],"curies":[{"name":"wp","href":"https:\/\/api.w.org\/{rel}","templated":true}]}}