

{"id":1115,"date":"2015-11-14T15:42:51","date_gmt":"2015-11-14T14:42:51","guid":{"rendered":"https:\/\/www.viadanse.com\/?page_id=1115"},"modified":"2017-07-12T19:23:47","modified_gmt":"2017-07-12T18:23:47","slug":"contact","status":"publish","type":"page","link":"https:\/\/www.viadanse.com\/en\/contact\/","title":{"rendered":"Contact"},"content":{"rendered":"<div class=\"wpb-content-wrapper\"><p>[vc_row][vc_column width=&#8221;1\/2&#8243;][vc_column_text]<strong>VIADANSE<\/strong><br \/>\nCentre chor\u00e9graphique national de Bourgogne Franche-Comt\u00e9 \u00e0 Belfort<br \/>\n3, avenue de l\u2019Esp\u00e9rance \/\u00a0F &#8211; 90000 Belfort<\/p>\n<p><strong>Contact us<\/strong><br \/>\nT. + 33 (0)3 84 58 44 88<br \/>\nE-mail : <a href=\"mailto:contact@viadanse.com\">contact@viadanse.com<\/a><br \/>\nHoraires d\u2019ouverture des bureaux : 9h-12h \/14h-18h<\/p>\n<p><strong>VIABAR<\/strong><br \/>\nOpen from 8:30 AM to 9:30 PM on performance evenings.<br \/>\nSmall plates and beverages, organic and locally sourced.[\/vc_column_text][\/vc_column][vc_column width=&#8221;1\/2&#8243;][minti_googlemaps address=&#8221;3, avenue de l&#8217;esp\u00e9rance &#8211; Belfort&#8221; style=&#8221;full&#8221; h=&#8221;450&#8243; z=&#8221;14&#8243; maptype=&#8221;ROADMAP&#8221; marker=&#8221;yes&#8221; infowindowdefault=&#8221;yes&#8221; scrollwheel=&#8221;true&#8221; hidecontrols=&#8221;false&#8221; infowindow=&#8221;Viadanse &#8211; Centre chor\u00e9graphique national de Franche-Comt\u00e9 \u00e0 Belfort&#8221;][\/vc_column][\/vc_row]<\/p>\n<\/div>","protected":false},"excerpt":{"rendered":"[vc_row][vc_column width=&#8221;1\/2&#8243;][vc_column_text]VIADANSE Centre chor\u00e9graphique national de Bourgogne Franche-Comt\u00e9 \u00e0 Belfort 3, avenue de l\u2019Esp\u00e9rance \/\u00a0F &#8211; 90000 [&hellip;]","protected":false},"author":1,"featured_media":0,"parent":0,"menu_order":0,"comment_status":"open","ping_status":"open","template":"","meta":{"_acf_changed":false,"footnotes":""},"categorie-page":[],"class_list":["post-1115","page","type-page","status-publish","hentry"],"acf":[],"_links":{"self":[{"href":"https:\/\/www.viadanse.com\/en\/wp-json\/wp\/v2\/pages\/1115","targetHints":{"allow":["GET"]}}],"collection":[{"href":"https:\/\/www.viadanse.com\/en\/wp-json\/wp\/v2\/pages"}],"about":[{"href":"https:\/\/www.viadanse.com\/en\/wp-json\/wp\/v2\/types\/page"}],"author":[{"embeddable":true,"href":"https:\/\/www.viadanse.com\/en\/wp-json\/wp\/v2\/users\/1"}],"replies":[{"embeddable":true,"href":"https:\/\/www.viadanse.com\/en\/wp-json\/wp\/v2\/comments?post=1115"}],"version-history":[{"count":5,"href":"https:\/\/www.viadanse.com\/en\/wp-json\/wp\/v2\/pages\/1115\/revisions"}],"predecessor-version":[{"id":3499,"href":"https:\/\/www.viadanse.com\/en\/wp-json\/wp\/v2\/pages\/1115\/revisions\/3499"}],"wp:attachment":[{"href":"https:\/\/www.viadanse.com\/en\/wp-json\/wp\/v2\/media?parent=1115"}],"wp:term":[{"taxonomy":"categorie-page","embeddable":true,"href":"https:\/\/www.viadanse.com\/en\/wp-json\/wp\/v2\/categorie-page?post=1115"}],"curies":[{"name":"wp","href":"https:\/\/api.w.org\/{rel}","templated":true}]}}