

{"id":1100,"date":"2015-11-14T14:46:05","date_gmt":"2015-11-14T13:46:05","guid":{"rendered":"https:\/\/www.viadanse.com\/?page_id=1100"},"modified":"2015-11-28T15:11:49","modified_gmt":"2015-11-28T14:11:49","slug":"the-project","status":"publish","type":"page","link":"https:\/\/www.viadanse.com\/en\/the-project\/","title":{"rendered":"The project"},"content":{"rendered":"<div class=\"wpb-content-wrapper\"><p>[vc_row][vc_column width=&#8221;1\/3&#8243; animation=&#8221;none&#8221; column_padding=&#8221;no-padding&#8221; column_center=&#8221;&#8221; text_size=&#8221;petit&#8221; text_align=&#8221;left&#8221;][vc_column_text]The Centre Chor\u00e9graphique National de Franche-Comt\u00e9 in Belfort (CCNFCB) is a space dedicated to contemporary creation. The French CCN label (National Choreographic Center) was established in 1984.<\/p>\n<p>Currently there are 19 of these National Choreographic Centers in France.<\/p>\n<p>In 2008, a book laying out the missions and goals for the CCNs re-established their principal missions: the creation, production and touring of choreographic works, as well as adjunct missions supporting the development of projects by independent choreographers, pedagogical actions in the schools, offering dance training and community outreach.[\/vc_column_text][\/vc_column][vc_column width=&#8221;2\/3&#8243;][vc_column_text]<strong>Since March 2015, the Centre chor\u00e9graphique national de Franche-Comt\u00e9 in Belfort has been directed by H\u00e9la Fattoumi and \u00c9ric Lamoureux, for which they created the project VIADANSE. <\/strong><\/p>\n<p>Their project VIADANSE is laid in the prospect of a 3rd generation choregraphic center, revolving around a dynamic concept highlighting the circulation of projects and the building of networks, from Franche-Comt\u00e9 to Burgundy ; from the Grand Est to Switzerland and Europe.<\/p>\n<p>This project draws strong axes regarding creation and dissemination, by diversifying the proposals and by working towards the construction of a production and management of artists network, VIAREZO, on the scale of the Grand Est as well as on the international stage.<br \/>\nVIADANSE aims at reinventing the link with the audience, especially with the youth, and at looking for new ways regarding artistic and cultural education.<\/p>\n<p>&nbsp;<\/p>\n<p>[\/vc_column_text][tiret_separation][vc_column_text]<strong>In the VIADANSE project, H\u00e9la Fattoumi and \u00c9ric Lamoureux:<\/strong><\/p>\n<p><strong>Present their project to audiences, <\/strong>via an aesthetic palette channeling their diverse repertoire, augmented by new creations based on the relationship of dance to live music. The program will be enriched by the presence of mandated associated artists,<\/p>\n<p><strong>Prioritize the sharing of production finances and assets<\/strong>, the circulation of artists and projects via a broad platform and a network in France and in two neighboring countries,<\/p>\n<p><strong>Opening access to dance for young people<\/strong> using digital streams and current music,<\/p>\n<p><strong>Amplify the dynamic, favoring cultural democratization<\/strong> via immersive structures linked to creation within the framework of European artistic and cultural education,<\/p>\n<p><strong>Reinforce the likely future of the institution<\/strong> through constant dialogue with its partners in order to better respond to new realities in the current economic context, and to territorial re-organization prefiguring a new referential paradigm.[\/vc_column_text][\/vc_column][\/vc_row]<\/p>\n<\/div>","protected":false},"excerpt":{"rendered":"[vc_row][vc_column width=&#8221;1\/3&#8243; animation=&#8221;none&#8221; column_padding=&#8221;no-padding&#8221; column_center=&#8221;&#8221; text_size=&#8221;petit&#8221; text_align=&#8221;left&#8221;][vc_column_text]The Centre Chor\u00e9graphique National de Franche-Comt\u00e9 in Belfort (CCNFCB) is a [&hellip;]","protected":false},"author":1,"featured_media":0,"parent":0,"menu_order":0,"comment_status":"open","ping_status":"open","template":"","meta":{"_acf_changed":false,"footnotes":""},"categorie-page":[],"class_list":["post-1100","page","type-page","status-publish","hentry"],"acf":[],"_links":{"self":[{"href":"https:\/\/www.viadanse.com\/en\/wp-json\/wp\/v2\/pages\/1100","targetHints":{"allow":["GET"]}}],"collection":[{"href":"https:\/\/www.viadanse.com\/en\/wp-json\/wp\/v2\/pages"}],"about":[{"href":"https:\/\/www.viadanse.com\/en\/wp-json\/wp\/v2\/types\/page"}],"author":[{"embeddable":true,"href":"https:\/\/www.viadanse.com\/en\/wp-json\/wp\/v2\/users\/1"}],"replies":[{"embeddable":true,"href":"https:\/\/www.viadanse.com\/en\/wp-json\/wp\/v2\/comments?post=1100"}],"version-history":[{"count":5,"href":"https:\/\/www.viadanse.com\/en\/wp-json\/wp\/v2\/pages\/1100\/revisions"}],"predecessor-version":[{"id":1227,"href":"https:\/\/www.viadanse.com\/en\/wp-json\/wp\/v2\/pages\/1100\/revisions\/1227"}],"wp:attachment":[{"href":"https:\/\/www.viadanse.com\/en\/wp-json\/wp\/v2\/media?parent=1100"}],"wp:term":[{"taxonomy":"categorie-page","embeddable":true,"href":"https:\/\/www.viadanse.com\/en\/wp-json\/wp\/v2\/categorie-page?post=1100"}],"curies":[{"name":"wp","href":"https:\/\/api.w.org\/{rel}","templated":true}]}}